{"id":859,"date":"2023-08-18T15:29:41","date_gmt":"2023-08-18T13:29:41","guid":{"rendered":"https:\/\/bcplaisir.fr\/?page_id=859"},"modified":"2026-04-04T18:31:03","modified_gmt":"2026-04-04T16:31:03","slug":"ligue-du-lundi-du-bcp","status":"publish","type":"page","link":"https:\/\/bcplaisir.fr\/index.php\/ligue-du-lundi-du-bcp\/","title":{"rendered":"Ligue du Lundi du BCP"},"content":{"rendered":"\n<p>La ligue du Lundi du BC Plaisir a lieu en doublette au&nbsp;<strong>Bowling de Rambouillet le Lundi<\/strong>&nbsp;(hors vacances et jours f\u00e9ri\u00e9s)&nbsp;<strong>\u00e0 20h10&nbsp;<\/strong>(D\u00e9but boules de chauffe 20h20) et est r\u00e9serv\u00e9e aux joueurs licenci\u00e9s. La ligue d\u00e9bute \u00e0 20h30 au plus tard (instructions et r\u00e8glements sont effectu\u00e9s auparavant).<\/p>\n\n\n\n<p>Cette ligue accueille des joueurs du BC Rambouillet, de Renault, du BC HOUDAN et de l&rsquo;ESAM.<\/p>\n\n\n\n<p>La participation \u00e0 la cagnotte pour chaque p\u00e9riode est de 24\u20ac par \u00e9quipe (par ch\u00e8que ou esp\u00e8ces). Ce montant vous sera demand\u00e9 lors de la 1<sup>\u00e8re<\/sup>&nbsp;soir\u00e9e de Ligue de chaque p\u00e9riode.<\/p>\n\n\n\n<p>Le montant de chaque soir\u00e9e de ligue est fix\u00e9 par le bowling \u00e0 16\u20ac par joueur(se) pour 4 parties.<\/p>\n\n\n\n<p>Lien Lexer de la ligue: <a href=\"https:\/\/bowling.lexerbowling.com\/bowlingderambouillet\/liguedulundi25-26\">https:\/\/bowling.lexerbowling.com\/bowlingderambouillet\/liguedulundi25-26<\/a><\/p>\n\n\n\n<p>Tableau des r\u00e9sultats \u00e0 la semaine 14 (30 Mars 2026)<\/p>\n\n\n\n<div data-wp-interactive=\"core\/file\" class=\"wp-block-file\"><object data-wp-bind--hidden=\"!state.hasPdfPreview\" hidden class=\"wp-block-file__embed\" data=\"https:\/\/bcplaisir.fr\/wp-content\/uploads\/2026\/04\/Suivi-Ligue-Rambouillet-2025-2026_S14_V1.pdf\" type=\"application\/pdf\" style=\"width:100%;height:600px\" aria-label=\"Contenu embarqu\u00e9 Suivi Ligue Rambouillet 2025-2026_S14_V1.\"><\/object><a id=\"wp-block-file--media-bb773772-92e2-4513-a4a5-1ea73936daca\" href=\"https:\/\/bcplaisir.fr\/wp-content\/uploads\/2026\/04\/Suivi-Ligue-Rambouillet-2025-2026_S14_V1.pdf\">Suivi Ligue Rambouillet 2025-2026_S14_V1<\/a><a href=\"https:\/\/bcplaisir.fr\/wp-content\/uploads\/2026\/04\/Suivi-Ligue-Rambouillet-2025-2026_S14_V1.pdf\" class=\"wp-block-file__button wp-element-button\" download aria-describedby=\"wp-block-file--media-bb773772-92e2-4513-a4a5-1ea73936daca\">T\u00e9l\u00e9charger<\/a><\/div>\n\n\n\n<p>R\u00e8glement complet 2025-2026 :<\/p>\n\n\n\n<div data-wp-interactive=\"core\/file\" class=\"wp-block-file\"><object data-wp-bind--hidden=\"!state.hasPdfPreview\" hidden class=\"wp-block-file__embed\" data=\"https:\/\/bcplaisir.fr\/wp-content\/uploads\/2025\/08\/Reglement-ligue-BCP-2025-2026-V3_.cleaned.pdf\" type=\"application\/pdf\" style=\"width:100%;height:600px\" aria-label=\"Contenu embarqu\u00e9 R\u00e9glement ligue BCP 2025-2026 V3_.cleaned.\"><\/object><a id=\"wp-block-file--media-6c48b8cc-79e8-4535-9e8c-f6a452e3ceac\" href=\"https:\/\/bcplaisir.fr\/wp-content\/uploads\/2025\/08\/Reglement-ligue-BCP-2025-2026-V3_.cleaned.pdf\">R\u00e9glement ligue BCP 2025-2026 V3_.cleaned<\/a><a href=\"https:\/\/bcplaisir.fr\/wp-content\/uploads\/2025\/08\/Reglement-ligue-BCP-2025-2026-V3_.cleaned.pdf\" class=\"wp-block-file__button wp-element-button\" download aria-describedby=\"wp-block-file--media-6c48b8cc-79e8-4535-9e8c-f6a452e3ceac\">T\u00e9l\u00e9charger<\/a><\/div>\n\n\n\n<!--nextpage-->\n\n\n\n<p class=\"has-text-align-center\"><strong>Archives &#8211; R\u00e9sultats des ann\u00e9es pr\u00e9c\u00e9dentes sur la page suivante:<\/strong><\/p>\n\n\n\n<p>Le fichier pdf du avec le calendrier et le classement final de la saison 2024-25<\/p>\n\n\n\n<div data-wp-interactive=\"core\/file\" class=\"wp-block-file\"><object data-wp-bind--hidden=\"!state.hasPdfPreview\" hidden class=\"wp-block-file__embed\" data=\"https:\/\/bcplaisir.fr\/wp-content\/uploads\/2025\/06\/Suivi-Ligue-Rambouillet-2024-2025_S25.pdf\" type=\"application\/pdf\" style=\"width:100%;height:600px\" aria-label=\"Contenu embarqu\u00e9 Suivi Ligue Rambouillet 2024-2025_S25.\"><\/object><a id=\"wp-block-file--media-bbd5bd84-de8b-4207-8982-d8c9da01228a\" href=\"https:\/\/bcplaisir.fr\/wp-content\/uploads\/2025\/06\/Suivi-Ligue-Rambouillet-2024-2025_S25.pdf\">Suivi Ligue Rambouillet 2024-2025_S25<\/a><a href=\"https:\/\/bcplaisir.fr\/wp-content\/uploads\/2025\/06\/Suivi-Ligue-Rambouillet-2024-2025_S25.pdf\" class=\"wp-block-file__button wp-element-button\" download aria-describedby=\"wp-block-file--media-bbd5bd84-de8b-4207-8982-d8c9da01228a\">T\u00e9l\u00e9charger<\/a><\/div>\n\n\n\n<p class=\"has-text-align-center\"><a href=\"https:\/\/bowling.lexerbowling.com\/bowlingderambouillet\/liguedulundi24-25\" target=\"_blank\" rel=\"noreferrer noopener\"><strong>Lien vers le Lexer de la ligue du Lundi 2024-2025<\/strong><\/a><\/p>\n\n\n\n<p class=\"has-text-align-center\">Nous sommes heureux d\u2019accueillir de nouvelles \u00e9quipes. Cette ann\u00e9e nous aurons 12 \u00e9quipes en course.<\/p>\n\n\n\n<p>La participation \u00e0 la cagnotte pour chaque p\u00e9riode est de 24\u20ac par \u00e9quipe (par ch\u00e8que ou esp\u00e8ces).<\/p>\n\n\n\n<p>Ce montant vous sera demand\u00e9 lors de la 1<sup>\u00e8re<\/sup>&nbsp;soir\u00e9e de Ligue de chaque p\u00e9riode.<\/p>\n\n\n\n<p>Un rappel lors de la ligue et par mail sera fait afin de vous pr\u00e9venir de la p\u00e9riode suivante.<\/p>\n\n\n\n<p>Le montant de chaque ligue est fix\u00e9 par le bowling \u00e0 15\u20ac par joueur(se) par ligue pour 4 parties.<\/p>\n\n\n\n<p>Le r\u00e8glement 2024 2025 est le suivant<\/p>\n\n\n\n<div data-wp-interactive=\"core\/file\" class=\"wp-block-file\"><object data-wp-bind--hidden=\"!state.hasPdfPreview\" hidden class=\"wp-block-file__embed\" data=\"https:\/\/bcplaisir.fr\/wp-content\/uploads\/2024\/12\/Reglement-ligue-BCP-2024-2025-v4.pdf\" type=\"application\/pdf\" style=\"width:100%;height:600px\" aria-label=\"Contenu embarqu\u00e9 R\u00e9glement ligue BCP 2024-2025 v4.\"><\/object><a id=\"wp-block-file--media-5fd68b37-a85f-4ba0-bd97-25c1320c3b6b\" href=\"https:\/\/bcplaisir.fr\/wp-content\/uploads\/2024\/12\/Reglement-ligue-BCP-2024-2025-v4.pdf\">R\u00e9glement ligue BCP 2024-2025 v4<\/a><a href=\"https:\/\/bcplaisir.fr\/wp-content\/uploads\/2024\/12\/Reglement-ligue-BCP-2024-2025-v4.pdf\" class=\"wp-block-file__button wp-element-button\" download aria-describedby=\"wp-block-file--media-5fd68b37-a85f-4ba0-bd97-25c1320c3b6b\">T\u00e9l\u00e9charger<\/a><\/div>\n\n\n\n<p class=\"has-text-align-center\"><strong>Archives &#8211; R\u00e9sultats des ann\u00e9es pr\u00e9c\u00e9dentes sur la page suivante:<\/strong><\/p>\n\n\n\n<!--nextpage-->\n\n\n\n<p>Pour retrouver vos r\u00e9sultats des ann\u00e9es pr\u00e9c\u00e9dentes:<\/p>\n\n\n\n<p>Lien lexer Ligue Lundi 2023-2024: <a href=\"https:\/\/bowling.lexerbowling.com\/bowlingderambouillet\/liguedulundi23-24\/\">https:\/\/bowling.lexerbowling.com\/bowlingderambouillet\/liguedulundi23-24\/<\/a><\/p>\n\n\n\n<p><a rel=\"noreferrer noopener\" href=\"https:\/\/bowling.lexerbowling.com\/bowlingderambouillet\/plaisir\/\" target=\"_blank\"><mark style=\"background-color:#8ed1fc\" class=\"has-inline-color\">Lien Lexer Ligue du Lundi 2022-2023<\/mark><\/a> (Ligue de l&rsquo;ann\u00e9e derni\u00e8re, le lien sera MAJ d\u00e8s le d\u00e9but de la nouvelle saison)<\/p>\n\n\n\n<p><a href=\"https:\/\/bowling.lexerbowling.com\/bowlingderambouillet\/plaisir\/\" target=\"_blank\" rel=\"noreferrer noopener\">Lien Lexer Ligue du Lundi 2021-2022<\/a><\/p>\n\n\n\n<ul class=\"wp-block-list\">\n<li><strong>Ann\u00e9e 2019 &#8211; 2021&nbsp;<\/strong><\/li>\n<\/ul>\n\n\n\n<p>Du fait du COVID et de la non publication du Lexer les r\u00e9sultats finaux ne sont pas disponibles<\/p>\n\n\n\n<p><strong><a href=\"https:\/\/drive.google.com\/open?id=1nF-_rE7iDoTI2oA-S3tWTzhzcmTAvPIK\" target=\"_blank\" rel=\"noreferrer noopener\">Pdf du classement du 9 Mars<\/a>&nbsp;<\/strong><br><strong><u><a href=\"https:\/\/drive.google.com\/open?id=1pbn-Z1VZA8holpUS9gVE4CJjdBIxT2yj\" target=\"_blank\" rel=\"noreferrer noopener\">Pdf du classement au 2 Mars<\/a>&nbsp;<\/u><\/strong><br><strong><u><a href=\"https:\/\/drive.google.com\/open?id=1UA0RvN5sdF6HunCuAGt8W0y7sSt6YilH\" target=\"_blank\" rel=\"noreferrer noopener\">Pdf du classement au 24 F\u00e9vrier<\/a>&nbsp;<\/u><\/strong><\/p>\n\n\n\n<p><strong>Lien Lexer&nbsp;<a href=\"http:\/\/bowling.lexerbowling.com\/bowlingderambouillet\/liguedulundi20192020\/\" target=\"_blank\" rel=\"noreferrer noopener\">R\u00e9sultat de la Ligue 2019-2020 du Lundi&nbsp;<\/a><\/strong><br><strong>(Lien Lexer HS pour le moment &#8211; d\u00e9sol\u00e9)<\/strong><br><strong><a href=\"http:\/\/bowlingclubdeplaisir.free.fr\/Site\/Ligue2019-2020\/BCP_LIGUE-calendrier-2019-2020.pdf\" target=\"_blank\" rel=\"noreferrer noopener\">Calendrier de la Ligue 2019-2020&nbsp;<\/a><\/strong>&nbsp;(MAJ Oct 2019)<br><strong><a href=\"http:\/\/bowlingclubdeplaisir.free.fr\/Site\/Ligue2019-2020\/Calendrier_Entrainement_du_Lundi_2019-2020_V04.pdf\" target=\"_blank\" rel=\"noreferrer noopener\">Calendrier de la Ligue des entrainements<\/a>&nbsp;<\/strong>&nbsp;(MAJ Oct 2019)<br><br>&nbsp;<img decoding=\"async\" src=\"https:\/\/1.bp.blogspot.com\/-uHazpu-dh74\/UOdzmGZq7oI\/AAAAAAAAB8I\/Jh61f_dOCxEVzO8RcGzkblDog78IicwRwCPcBGAYYCw\/s1600\/telecharger-pdf.png\"><br>Liste des \u00e9quipes&nbsp;<\/p>\n\n\n\n<p><strong><a href=\"http:\/\/bowlingclubdeplaisir.free.fr\/Site\/Ligue2019-2020\/Reglement_ligue_BCP_2019-2020_V1.pdf\" target=\"_blank\" rel=\"noreferrer noopener\">R\u00e8glement de la ligue du Lundi<\/a>&nbsp;(MAJ 2019-2020)<\/strong><\/p>\n\n\n\n<ul class=\"wp-block-list\">\n<li><strong>Ann\u00e9e 2018 &#8211; 2019&nbsp;<\/strong><\/li>\n<\/ul>\n\n\n\n<p><strong><a href=\"http:\/\/bowling.lexerbowling.com\/bowlingderambouillet\/liguedulundi20182019\/\" target=\"_blank\" rel=\"noreferrer noopener\">R\u00e9sultat de la Ligue 2018-2019 du Lundi&nbsp;<\/a><\/strong><\/p>\n\n\n\n<p><strong>(MAJ Hedbo)<\/strong><strong><a href=\"http:\/\/bowlingclubdeplaisir.free.fr\/Site\/Ligue2018-2019\/Calendrier_LIGUE_2018-2019-V1.pdf\" target=\"_blank\" rel=\"noreferrer noopener\">Calendrier de la Ligue 2018-2019&nbsp; et des entrainements&nbsp;<\/a><\/strong>&nbsp;<a href=\"http:\/\/bowlingclubdeplaisir.free.fr\/Site\/Ligue2018-2019\/Calendrier_LIGUE_2018-2019-V1.pdf\" target=\"_blank\" rel=\"noreferrer noopener\"><\/a><\/p>\n\n\n\n<p><em>(MAJ Janv 2019)<\/em><\/p>\n\n\n\n<ul class=\"wp-block-list\">\n<li><strong>Ann\u00e9e 2017 &#8211; 2018&nbsp;<\/strong><\/li>\n<\/ul>\n\n\n\n<p><strong><a href=\"http:\/\/bowling.lexerbowling.com\/bowlingderambouillet\/liguedulundi2016\/index.htm\" target=\"_blank\" rel=\"noreferrer noopener\">R\u00e9sultat de la Ligue 2017-2018 du Lundi&nbsp;<\/a><\/strong><br><strong>(MAJ Hedbo)<\/strong><br><strong><a href=\"http:\/\/bowlingclubdeplaisir.free.fr\/Site\/Ligue2017-2018\/calendrier_2017-2018_12_equipes_2_poules.pdf\" target=\"_blank\" rel=\"noreferrer noopener\">Calendrier de la Ligue 2017-2018 du Lundi<\/a>&nbsp;(MAJ du&nbsp;24\/09\/2017)<\/strong><\/p>\n\n\n\n<p><a href=\"http:\/\/bowlingclubdeplaisir.free.fr\/Site\/Ligue2017-2018\/liste_equipe_et_poule.pdf\" target=\"_blank\" rel=\"noreferrer noopener\">Liste des \u00e9quipes<\/a>&nbsp;<\/p>\n\n\n\n<p><a href=\"http:\/\/bowlingclubdeplaisir.free.fr\/Site\/Ligue2017-2018\/reglement_bcp_2017-2018_Ver02.pdf\" target=\"_blank\" rel=\"noreferrer noopener\">R\u00e8glement de la ligue du Lundi (MAJ du Sept 2017)<\/a><\/p>\n\n\n\n<ul class=\"wp-block-list\">\n<li><strong>Ann\u00e9e 2016 &#8211; 2017&nbsp;<\/strong><\/li>\n<\/ul>\n\n\n\n<p><strong><a href=\"http:\/\/bowling.lexerbowling.com\/bowlingderambouillet\/liguedulundi2016\/\" target=\"_blank\" rel=\"noreferrer noopener\">R\u00e9sultat de la Ligue 201<u>6-2017<\/u>&nbsp;du Lundi&nbsp;<\/a><\/strong><br><strong>(MAJ Hebdomadaire)<\/strong><br><strong><a href=\"http:\/\/bowlingclubdeplaisir.free.fr\/Site\/Doc2016\/Calendrier-bcp-2016-2017-V04.pdf\" target=\"_blank\" rel=\"noreferrer noopener\">Calendrier de la Ligue 2016-2017 du Lundi<\/a>&nbsp;(MAJ du&nbsp;15\/12\/2016)<\/strong><\/p>\n\n\n\n<p><a href=\"http:\/\/bowlingclubdeplaisir.free.fr\/Site\/Ligue2016\/reglement_bcp_2016-2017_Ver02.pdf\" target=\"_blank\" rel=\"noreferrer noopener\">R\u00e8glement de la ligue du Lundi&nbsp;<strong>(MAJ du&nbsp;Oct 2016)<\/strong><\/a><\/p>\n\n\n\n<ul class=\"wp-block-list\">\n<li><strong>Ann\u00e9e 2016 &#8211; 1er semestre<\/strong>\n<ul class=\"wp-block-list\">\n<li><strong><a href=\"http:\/\/bcplaisir.blogspot.fr\/2016\/06\/ligue-du-lundi-resultats-lissue-de-la_21.html\" target=\"_blank\" rel=\"noreferrer noopener\">R\u00e9sultat de la Ligue 2016&nbsp;du Lundi<\/a><\/strong><\/li>\n<\/ul>\n<\/li>\n<\/ul>\n\n\n\n<p><a href=\"http:\/\/bowlingclubdeplaisir.free.fr\/Site\/Lexer\/liguedulundi2016\/index.html\">Le lien vers le Lexer arr\u00eat\u00e9 en Mai suite au innondation&nbsp;<\/a><\/p>\n\n\n\n<p><strong><a href=\"http:\/\/bowling.lexerbowling.com\/bowlingderambouillet\/triplettepetersenplaisir\" target=\"_blank\" rel=\"noreferrer noopener\">R\u00e9sultat&nbsp;<u>de la triplette Petersen<\/u>&nbsp;<u>2016<\/u>&nbsp;<\/a><\/strong><strong>&nbsp;<\/strong><\/p>\n\n\n\n<ul class=\"wp-block-list\">\n<li><strong>Ann\u00e9e 2015<\/strong><\/li>\n\n\n\n<li><strong><a href=\"http:\/\/bowling.lexerbowling.com\/bowlingderambouillet\/liguedulundi2015\/\" target=\"_blank\" rel=\"noreferrer noopener\">R\u00e9sultat de la Ligue 2015&nbsp;du Lundi<\/a><\/strong><\/li>\n\n\n\n<li><strong>Ann\u00e9e 2014<\/strong><\/li>\n<\/ul>\n\n\n\n<ul class=\"wp-block-list\">\n<li><strong><a href=\"http:\/\/bowling.lexerbowling.com\/bowlingderambouillet\/liguedulundi2014\/\" target=\"_blank\" rel=\"noreferrer noopener\">R\u00e9sultat de la Ligue 2014 du Lundi<\/a><\/strong><\/li>\n<\/ul>\n\n\n\n<ul class=\"wp-block-list\">\n<li><strong>Ann\u00e9e 2013<\/strong>\n<ul class=\"wp-block-list\">\n<li><strong><a href=\"http:\/\/bowling.lexerbowling.com\/bowlingderambouillet\/ligueplaisir\/\" target=\"_blank\" rel=\"noreferrer noopener\">R\u00e9sultat de la Ligue 2013 du Lundi<\/a><\/strong><\/li>\n<\/ul>\n<\/li>\n\n\n\n<li><strong>Ann\u00e9e 2012<\/strong><\/li>\n<\/ul>\n\n\n\n<ul class=\"wp-block-list\">\n<li><a href=\"http:\/\/bowling.lexerbowling.com\/bowlingderambouillet\/liguedeplaisir\/\"><strong>R\u00e9sultat de la Ligue Du Lundi<\/strong><\/a><\/li>\n\n\n\n<li><a href=\"http:\/\/bowlingclubdeplaisir.free.fr\/Site\/Result2012\/00_Clt_Final_challenge_individuel_2012.pdf\" target=\"_blank\" rel=\"noreferrer noopener\"><strong>R\u00e9sultat du challenge BC Plaisir 2012<\/strong><\/a><\/li>\n\n\n\n<li><strong>Ann\u00e9e 2011<\/strong>\n<ul class=\"wp-block-list\">\n<li><strong><a href=\"http:\/\/rouchon.xavier.free.fr\/Bowl_BCP\/Lexer\/liguedoubletteplaisir2011\/index.htm\">R\u00e9sultat de la Ligue Du Lundi<\/a><\/strong><\/li>\n<\/ul>\n<\/li>\n<\/ul>\n","protected":false},"excerpt":{"rendered":"<p>La ligue du Lundi du BC Plaisir a lieu en doublette au&nbsp;Bowling de Rambouillet le Lundi&nbsp;(hors vacances et jours f\u00e9ri\u00e9s)&nbsp;\u00e0 20h10&nbsp;(D\u00e9but boules de chauffe 20h20) et est r\u00e9serv\u00e9e aux joueurs licenci\u00e9s. La ligue d\u00e9bute \u00e0 20h30 au plus tard (instructions et r\u00e8glements sont effectu\u00e9s auparavant). Cette ligue accueille des joueurs du BC Rambouillet, de Renault,&#8230;<\/p>\n","protected":false},"author":1,"featured_media":860,"parent":0,"menu_order":3,"comment_status":"closed","ping_status":"closed","template":"","meta":{"ngg_post_thumbnail":0,"footnotes":""},"class_list":["post-859","page","type-page","status-publish","has-post-thumbnail","hentry"],"_links":{"self":[{"href":"https:\/\/bcplaisir.fr\/index.php\/wp-json\/wp\/v2\/pages\/859","targetHints":{"allow":["GET"]}}],"collection":[{"href":"https:\/\/bcplaisir.fr\/index.php\/wp-json\/wp\/v2\/pages"}],"about":[{"href":"https:\/\/bcplaisir.fr\/index.php\/wp-json\/wp\/v2\/types\/page"}],"author":[{"embeddable":true,"href":"https:\/\/bcplaisir.fr\/index.php\/wp-json\/wp\/v2\/users\/1"}],"replies":[{"embeddable":true,"href":"https:\/\/bcplaisir.fr\/index.php\/wp-json\/wp\/v2\/comments?post=859"}],"version-history":[{"count":61,"href":"https:\/\/bcplaisir.fr\/index.php\/wp-json\/wp\/v2\/pages\/859\/revisions"}],"predecessor-version":[{"id":5270,"href":"https:\/\/bcplaisir.fr\/index.php\/wp-json\/wp\/v2\/pages\/859\/revisions\/5270"}],"wp:featuredmedia":[{"embeddable":true,"href":"https:\/\/bcplaisir.fr\/index.php\/wp-json\/wp\/v2\/media\/860"}],"wp:attachment":[{"href":"https:\/\/bcplaisir.fr\/index.php\/wp-json\/wp\/v2\/media?parent=859"}],"curies":[{"name":"wp","href":"https:\/\/api.w.org\/{rel}","templated":true}]}}