{"id":2,"date":"2023-01-29T19:36:25","date_gmt":"2023-01-29T18:36:25","guid":{"rendered":"https:\/\/bcplaisir.fr\/?page_id=2"},"modified":"2025-09-21T20:42:07","modified_gmt":"2025-09-21T18:42:07","slug":"sportif","status":"publish","type":"page","link":"https:\/\/bcplaisir.fr\/index.php\/sportif\/","title":{"rendered":"Sportif"},"content":{"rendered":"\n<p><br>Vous trouverez ci dessous la compilation des performances de tous les joueur(se)s du BCP qui ont d\u00e9j\u00e0 fait au moins une comp\u00e9tition.<\/p>\n\n\n\n<p>Vous pourrez consulter&nbsp;<strong>un classement des joueurs participants aux ligues et aux tournois amicaux<\/strong>&nbsp;ainsi qu\u2019un&nbsp;<strong>classement des joueurs participants aux comp\u00e9titions f\u00e9d\u00e9rales<\/strong>.<\/p>\n\n\n\n<p>Depuis le d\u00e9but de l\u2019ann\u00e9e sportive en septembre, c\u2019est d\u00e9j\u00e0 une douzaine de comp\u00e9titions, ligues incluses, qui sont prisent en compte.<\/p>\n\n\n\n<p>Vous avez le bilan de notre&nbsp;<strong>challenge individuel par points du BCP<\/strong> sans oublier&nbsp;<strong>le classement cumul\u00e9 toutes comp\u00e9titions confondues<\/strong>.<\/p>\n\n\n\n<div class=\"wp-block-file\"><a id=\"wp-block-file--media-d44ad5e6-96b2-424d-af07-e870e5df0535\" href=\"https:\/\/bcplaisir.fr\/wp-content\/uploads\/2025\/09\/Resultats-BCP-Saison-2024-2025.xlsx\">R\u00e9sultats BCP Saison 2024-2025<\/a><a href=\"https:\/\/bcplaisir.fr\/wp-content\/uploads\/2025\/09\/Resultats-BCP-Saison-2024-2025.xlsx\" class=\"wp-block-file__button wp-element-button\" download aria-describedby=\"wp-block-file--media-d44ad5e6-96b2-424d-af07-e870e5df0535\">T\u00e9l\u00e9charger<\/a><\/div>\n\n\n\n<div class=\"wp-block-file\"><a id=\"wp-block-file--media-432a375a-aa9f-4b7e-a0ed-64c5a5d6adc8\" href=\"https:\/\/bcplaisir.fr\/wp-content\/uploads\/2025\/09\/Challenge-Individuel-par-points-BCP-2024-2025.xlsx\">Challenge Individuel par points BCP 2024-2025<\/a><a href=\"https:\/\/bcplaisir.fr\/wp-content\/uploads\/2025\/09\/Challenge-Individuel-par-points-BCP-2024-2025.xlsx\" class=\"wp-block-file__button wp-element-button\" download aria-describedby=\"wp-block-file--media-432a375a-aa9f-4b7e-a0ed-64c5a5d6adc8\">T\u00e9l\u00e9charger<\/a><\/div>\n\n\n\n<p>Le classement vous est propos\u00e9 \u00e0 la&nbsp;<strong>moyenne de points par comp\u00e9tition<\/strong>, pour que les joueur(es)s qui ne participent pas beaucoup ne soient pas noy\u00e9s au fond du classement.<\/p>\n\n\n\n<p>Il reste tout de m\u00eame comme une \u00e9vidence que plus on participe, plus on marque des points.<\/p>\n\n\n\n<hr class=\"wp-block-separator has-alpha-channel-opacity\"\/>\n\n\n\n<p>Archives:<\/p>\n\n\n\n<!--more-->\n\n\n\n<p>Saison 2024-2025<\/p>\n\n\n\n<div class=\"wp-block-file\"><a id=\"wp-block-file--media-d44ad5e6-96b2-424d-af07-e870e5df0535\" href=\"https:\/\/bcplaisir.fr\/wp-content\/uploads\/2025\/09\/Resultats-BCP-Saison-2024-2025.xlsx\">R\u00e9sultats BCP Saison 2024-2025<\/a><a href=\"https:\/\/bcplaisir.fr\/wp-content\/uploads\/2025\/09\/Resultats-BCP-Saison-2024-2025.xlsx\" class=\"wp-block-file__button wp-element-button\" download aria-describedby=\"wp-block-file--media-d44ad5e6-96b2-424d-af07-e870e5df0535\">T\u00e9l\u00e9charger<\/a><\/div>\n\n\n\n<div class=\"wp-block-file\"><a id=\"wp-block-file--media-432a375a-aa9f-4b7e-a0ed-64c5a5d6adc8\" href=\"https:\/\/bcplaisir.fr\/wp-content\/uploads\/2025\/09\/Challenge-Individuel-par-points-BCP-2024-2025.xlsx\">Challenge Individuel par points BCP 2024-2025<\/a><a href=\"https:\/\/bcplaisir.fr\/wp-content\/uploads\/2025\/09\/Challenge-Individuel-par-points-BCP-2024-2025.xlsx\" class=\"wp-block-file__button wp-element-button\" download aria-describedby=\"wp-block-file--media-432a375a-aa9f-4b7e-a0ed-64c5a5d6adc8\">T\u00e9l\u00e9charger<\/a><\/div>\n\n\n\n<p>Saison 2022-2023<\/p>\n\n\n\n<div class=\"wp-block-file\"><a id=\"wp-block-file--media-332a5f75-890c-4c44-a6a6-babfbf0808e8\" href=\"https:\/\/bcplaisir.fr\/wp-content\/uploads\/2023\/02\/Challenge_Individuel_par_points_BCP_2022-2023.xlsx\" target=\"_blank\" rel=\"noreferrer noopener\">Challenge_Individuel_par_points_BCP_2022-2023<\/a><a href=\"https:\/\/bcplaisir.fr\/wp-content\/uploads\/2023\/02\/Challenge_Individuel_par_points_BCP_2022-2023.xlsx\" class=\"wp-block-file__button wp-element-button\" download aria-describedby=\"wp-block-file--media-332a5f75-890c-4c44-a6a6-babfbf0808e8\">T\u00e9l\u00e9charger<\/a><\/div>\n\n\n\n<div class=\"wp-block-file\"><a id=\"wp-block-file--media-fc663900-df89-4718-80de-76bf57270481\" href=\"https:\/\/bcplaisir.fr\/wp-content\/uploads\/2023\/02\/Resultats_BCP_Saison_2022-2023_V2.xlsx\" target=\"_blank\" rel=\"noreferrer noopener\">Resultats_BCP_Saison_2022-2023_V2<\/a><a href=\"https:\/\/bcplaisir.fr\/wp-content\/uploads\/2023\/02\/Resultats_BCP_Saison_2022-2023_V2.xlsx\" class=\"wp-block-file__button wp-element-button\" download aria-describedby=\"wp-block-file--media-fc663900-df89-4718-80de-76bf57270481\">T\u00e9l\u00e9charger<\/a><\/div>\n","protected":false},"excerpt":{"rendered":"<p>Vous trouverez ci dessous la compilation des performances de tous les joueur(se)s du BCP qui ont d\u00e9j\u00e0 fait au moins une comp\u00e9tition. Vous pourrez consulter&nbsp;un classement des joueurs participants aux ligues et aux tournois amicaux&nbsp;ainsi qu\u2019un&nbsp;classement des joueurs participants aux comp\u00e9titions f\u00e9d\u00e9rales. Depuis le d\u00e9but de l\u2019ann\u00e9e sportive en septembre, c\u2019est d\u00e9j\u00e0 une douzaine de&#8230;<\/p>\n","protected":false},"author":1,"featured_media":124,"parent":0,"menu_order":2,"comment_status":"closed","ping_status":"closed","template":"","meta":{"ngg_post_thumbnail":0,"footnotes":""},"class_list":["post-2","page","type-page","status-publish","has-post-thumbnail","hentry"],"_links":{"self":[{"href":"https:\/\/bcplaisir.fr\/index.php\/wp-json\/wp\/v2\/pages\/2","targetHints":{"allow":["GET"]}}],"collection":[{"href":"https:\/\/bcplaisir.fr\/index.php\/wp-json\/wp\/v2\/pages"}],"about":[{"href":"https:\/\/bcplaisir.fr\/index.php\/wp-json\/wp\/v2\/types\/page"}],"author":[{"embeddable":true,"href":"https:\/\/bcplaisir.fr\/index.php\/wp-json\/wp\/v2\/users\/1"}],"replies":[{"embeddable":true,"href":"https:\/\/bcplaisir.fr\/index.php\/wp-json\/wp\/v2\/comments?post=2"}],"version-history":[{"count":6,"href":"https:\/\/bcplaisir.fr\/index.php\/wp-json\/wp\/v2\/pages\/2\/revisions"}],"predecessor-version":[{"id":4876,"href":"https:\/\/bcplaisir.fr\/index.php\/wp-json\/wp\/v2\/pages\/2\/revisions\/4876"}],"wp:featuredmedia":[{"embeddable":true,"href":"https:\/\/bcplaisir.fr\/index.php\/wp-json\/wp\/v2\/media\/124"}],"wp:attachment":[{"href":"https:\/\/bcplaisir.fr\/index.php\/wp-json\/wp\/v2\/media?parent=2"}],"curies":[{"name":"wp","href":"https:\/\/api.w.org\/{rel}","templated":true}]}}