{"id":130,"date":"2023-02-04T10:50:25","date_gmt":"2023-02-04T09:50:25","guid":{"rendered":"https:\/\/bcplaisir.fr\/?page_id=130"},"modified":"2026-03-22T20:05:01","modified_gmt":"2026-03-22T19:05:01","slug":"les-equipes","status":"publish","type":"page","link":"https:\/\/bcplaisir.fr\/index.php\/sportif\/les-equipes\/","title":{"rendered":"Les \u00e9quipes"},"content":{"rendered":"\n<p>Le BCP est compos\u00e9e de 5 \u00e9quipes participant au championnat des clubs : 1 \u00e9quipe hommes en R1 ; 2 \u00e9quipe hommes en R2 ; 1 \u00e9quipe femmes en R1 et 1 \u00e9quipe femmes en R2.<\/p>\n\n\n\n<div class=\"wp-block-columns is-layout-flex wp-container-core-columns-is-layout-9d6595d7 wp-block-columns-is-layout-flex\">\n<div class=\"wp-block-column is-layout-flow wp-block-column-is-layout-flow\">\n<figure class=\"wp-block-image size-full\"><img loading=\"lazy\" decoding=\"async\" width=\"740\" height=\"806\" src=\"https:\/\/bcplaisir.fr\/wp-content\/uploads\/2026\/03\/R1-Hommes.png\" alt=\"\" class=\"wp-image-5240\" srcset=\"https:\/\/bcplaisir.fr\/wp-content\/uploads\/2026\/03\/R1-Hommes.png 740w, https:\/\/bcplaisir.fr\/wp-content\/uploads\/2026\/03\/R1-Hommes-275x300.png 275w\" sizes=\"auto, (max-width: 740px) 100vw, 740px\" \/><\/figure>\n<\/div>\n\n\n\n<div class=\"wp-block-column is-layout-flow wp-block-column-is-layout-flow\">\n<figure class=\"wp-block-image size-full\"><img loading=\"lazy\" decoding=\"async\" width=\"740\" height=\"806\" src=\"https:\/\/bcplaisir.fr\/wp-content\/uploads\/2026\/03\/R1-Hommes-1.png\" alt=\"\" class=\"wp-image-5241\" srcset=\"https:\/\/bcplaisir.fr\/wp-content\/uploads\/2026\/03\/R1-Hommes-1.png 740w, https:\/\/bcplaisir.fr\/wp-content\/uploads\/2026\/03\/R1-Hommes-1-275x300.png 275w\" sizes=\"auto, (max-width: 740px) 100vw, 740px\" \/><\/figure>\n<\/div>\n<\/div>\n\n\n\n<div class=\"wp-block-columns is-layout-flex wp-container-core-columns-is-layout-9d6595d7 wp-block-columns-is-layout-flex\">\n<div class=\"wp-block-column is-layout-flow wp-block-column-is-layout-flow\">\n<figure class=\"wp-block-image size-full\"><img loading=\"lazy\" decoding=\"async\" width=\"740\" height=\"806\" src=\"https:\/\/bcplaisir.fr\/wp-content\/uploads\/2026\/03\/R1-Hommes-2.png\" alt=\"\" class=\"wp-image-5242\" srcset=\"https:\/\/bcplaisir.fr\/wp-content\/uploads\/2026\/03\/R1-Hommes-2.png 740w, https:\/\/bcplaisir.fr\/wp-content\/uploads\/2026\/03\/R1-Hommes-2-275x300.png 275w\" sizes=\"auto, (max-width: 740px) 100vw, 740px\" \/><\/figure>\n<\/div>\n\n\n\n<div class=\"wp-block-column is-layout-flow wp-block-column-is-layout-flow\">\n<figure class=\"wp-block-image size-full\"><img loading=\"lazy\" decoding=\"async\" width=\"740\" height=\"806\" src=\"https:\/\/bcplaisir.fr\/wp-content\/uploads\/2026\/03\/R1-Hommes-3.png\" alt=\"\" class=\"wp-image-5243\" srcset=\"https:\/\/bcplaisir.fr\/wp-content\/uploads\/2026\/03\/R1-Hommes-3.png 740w, https:\/\/bcplaisir.fr\/wp-content\/uploads\/2026\/03\/R1-Hommes-3-275x300.png 275w\" sizes=\"auto, (max-width: 740px) 100vw, 740px\" \/><\/figure>\n<\/div>\n<\/div>\n\n\n\n<div class=\"wp-block-columns is-layout-flex wp-container-core-columns-is-layout-9d6595d7 wp-block-columns-is-layout-flex\">\n<div class=\"wp-block-column is-layout-flow wp-block-column-is-layout-flow\" style=\"flex-basis:25%\"><\/div>\n\n\n\n<div class=\"wp-block-column is-layout-flow wp-block-column-is-layout-flow\" style=\"flex-basis:50%\">\n<figure class=\"wp-block-image size-full\"><img loading=\"lazy\" decoding=\"async\" width=\"740\" height=\"806\" src=\"https:\/\/bcplaisir.fr\/wp-content\/uploads\/2026\/03\/R1-Hommes-4-1.png\" alt=\"\" class=\"wp-image-5245\" srcset=\"https:\/\/bcplaisir.fr\/wp-content\/uploads\/2026\/03\/R1-Hommes-4-1.png 740w, https:\/\/bcplaisir.fr\/wp-content\/uploads\/2026\/03\/R1-Hommes-4-1-275x300.png 275w\" sizes=\"auto, (max-width: 740px) 100vw, 740px\" \/><\/figure>\n<\/div>\n\n\n\n<div class=\"wp-block-column is-layout-flow wp-block-column-is-layout-flow\" style=\"flex-basis:25%\"><\/div>\n<\/div>\n\n\n\n<p class=\"has-white-color has-text-color\">.<\/p>\n\n\n\n<p class=\"has-white-color has-text-color\">.<\/p>\n","protected":false},"excerpt":{"rendered":"<p>Le BCP est compos\u00e9e de 5 \u00e9quipes participant au championnat des clubs : 1 \u00e9quipe hommes en R1 ; 2 \u00e9quipe hommes en R2 ; 1 \u00e9quipe femmes en R1 et 1 \u00e9quipe femmes en R2. . .<\/p>\n","protected":false},"author":3,"featured_media":0,"parent":2,"menu_order":1,"comment_status":"closed","ping_status":"closed","template":"","meta":{"ngg_post_thumbnail":0,"footnotes":""},"class_list":["post-130","page","type-page","status-publish","hentry"],"_links":{"self":[{"href":"https:\/\/bcplaisir.fr\/index.php\/wp-json\/wp\/v2\/pages\/130","targetHints":{"allow":["GET"]}}],"collection":[{"href":"https:\/\/bcplaisir.fr\/index.php\/wp-json\/wp\/v2\/pages"}],"about":[{"href":"https:\/\/bcplaisir.fr\/index.php\/wp-json\/wp\/v2\/types\/page"}],"author":[{"embeddable":true,"href":"https:\/\/bcplaisir.fr\/index.php\/wp-json\/wp\/v2\/users\/3"}],"replies":[{"embeddable":true,"href":"https:\/\/bcplaisir.fr\/index.php\/wp-json\/wp\/v2\/comments?post=130"}],"version-history":[{"count":10,"href":"https:\/\/bcplaisir.fr\/index.php\/wp-json\/wp\/v2\/pages\/130\/revisions"}],"predecessor-version":[{"id":5247,"href":"https:\/\/bcplaisir.fr\/index.php\/wp-json\/wp\/v2\/pages\/130\/revisions\/5247"}],"up":[{"embeddable":true,"href":"https:\/\/bcplaisir.fr\/index.php\/wp-json\/wp\/v2\/pages\/2"}],"wp:attachment":[{"href":"https:\/\/bcplaisir.fr\/index.php\/wp-json\/wp\/v2\/media?parent=130"}],"curies":[{"name":"wp","href":"https:\/\/api.w.org\/{rel}","templated":true}]}}