{"id":125,"date":"2023-02-04T10:47:56","date_gmt":"2023-02-04T09:47:56","guid":{"rendered":"https:\/\/bcplaisir.fr\/?page_id=125"},"modified":"2023-02-22T07:28:32","modified_gmt":"2023-02-22T06:28:32","slug":"resultats","status":"publish","type":"page","link":"https:\/\/bcplaisir.fr\/index.php\/sportif\/resultats\/","title":{"rendered":"R\u00e9sultats \ud83c\udfc6"},"content":{"rendered":"\n<p class=\"has-white-color has-vivid-cyan-blue-background-color has-text-color has-background has-medium-font-size\">Championnat d\u00e9partemental honneur :<\/p>\n\n\n\n<div data-wp-interactive=\"core\/file\" class=\"wp-block-file\"><object data-wp-bind--hidden=\"!state.hasPdfPreview\" hidden class=\"wp-block-file__embed\" data=\"https:\/\/bcplaisir.fr\/wp-content\/uploads\/2023\/02\/Chpt-indiv-honneur-CD78-Resultats-1.pdf\" type=\"application\/pdf\" style=\"width:100%;height:600px\" aria-label=\"Contenu embarqu\u00e9 Chpt-indiv-honneur-CD78-Resultats-1.\"><\/object><a id=\"wp-block-file--media-fda6be61-1b79-464d-9033-70adefae3cb7\" href=\"https:\/\/bcplaisir.fr\/wp-content\/uploads\/2023\/02\/Chpt-indiv-honneur-CD78-Resultats-1.pdf\">Chpt-indiv-honneur-CD78-Resultats-1<\/a><a href=\"https:\/\/bcplaisir.fr\/wp-content\/uploads\/2023\/02\/Chpt-indiv-honneur-CD78-Resultats-1.pdf\" class=\"wp-block-file__button wp-element-button\" download aria-describedby=\"wp-block-file--media-fda6be61-1b79-464d-9033-70adefae3cb7\">T\u00e9l\u00e9charger<\/a><\/div>\n\n\n\n<p class=\"has-white-color has-vivid-cyan-blue-background-color has-text-color has-background has-medium-font-size\">2\u00e8me journ\u00e9e championnat des clubs :<\/p>\n\n\n\n<div class=\"wp-block-group is-vertical is-layout-flex wp-container-core-group-is-layout-8cf370e7 wp-block-group-is-layout-flex\">\n<div class=\"wp-block-file\"><a id=\"wp-block-file--media-26f98009-ad8b-454b-9ca6-ff42973ce9a0\" href=\"https:\/\/bcplaisir.fr\/wp-content\/uploads\/2023\/02\/CDC2023-H_LRIdF_R1C-classements-J2.pdf\">CDC2023-H_LRIdF_R1C-classements-J2<\/a><a href=\"https:\/\/bcplaisir.fr\/wp-content\/uploads\/2023\/02\/CDC2023-H_LRIdF_R1C-classements-J2.pdf\" class=\"wp-block-file__button wp-element-button\" download aria-describedby=\"wp-block-file--media-26f98009-ad8b-454b-9ca6-ff42973ce9a0\">T\u00e9l\u00e9charger<\/a><\/div>\n\n\n\n<div class=\"wp-block-file\"><a id=\"wp-block-file--media-ecaccb5e-6def-46d7-85ba-304f9a0b5a49\" href=\"https:\/\/bcplaisir.fr\/wp-content\/uploads\/2023\/02\/CDC2023-H_LRIdF_R2C-classements-j2.pdf\">CDC2023-H_LRIdF_R2C-classements-j2<\/a><a href=\"https:\/\/bcplaisir.fr\/wp-content\/uploads\/2023\/02\/CDC2023-H_LRIdF_R2C-classements-j2.pdf\" class=\"wp-block-file__button wp-element-button\" download aria-describedby=\"wp-block-file--media-ecaccb5e-6def-46d7-85ba-304f9a0b5a49\">T\u00e9l\u00e9charger<\/a><\/div>\n\n\n\n<div class=\"wp-block-file\"><a id=\"wp-block-file--media-e594c4d3-2198-401b-9602-1ddcf0350240\" href=\"https:\/\/bcplaisir.fr\/wp-content\/uploads\/2023\/02\/CDC2023-D_LRIdF_R1classements-J2.pdf\">CDC2023-D_LRIdF_R1classements-J2<\/a><a href=\"https:\/\/bcplaisir.fr\/wp-content\/uploads\/2023\/02\/CDC2023-D_LRIdF_R1classements-J2.pdf\" class=\"wp-block-file__button wp-element-button\" download aria-describedby=\"wp-block-file--media-e594c4d3-2198-401b-9602-1ddcf0350240\">T\u00e9l\u00e9charger<\/a><\/div>\n<\/div>\n","protected":false},"excerpt":{"rendered":"<p>Championnat d\u00e9partemental honneur : 2\u00e8me journ\u00e9e championnat des clubs :<\/p>\n","protected":false},"author":3,"featured_media":0,"parent":2,"menu_order":3,"comment_status":"closed","ping_status":"closed","template":"","meta":{"ngg_post_thumbnail":0,"footnotes":""},"class_list":["post-125","page","type-page","status-publish","hentry"],"_links":{"self":[{"href":"https:\/\/bcplaisir.fr\/index.php\/wp-json\/wp\/v2\/pages\/125","targetHints":{"allow":["GET"]}}],"collection":[{"href":"https:\/\/bcplaisir.fr\/index.php\/wp-json\/wp\/v2\/pages"}],"about":[{"href":"https:\/\/bcplaisir.fr\/index.php\/wp-json\/wp\/v2\/types\/page"}],"author":[{"embeddable":true,"href":"https:\/\/bcplaisir.fr\/index.php\/wp-json\/wp\/v2\/users\/3"}],"replies":[{"embeddable":true,"href":"https:\/\/bcplaisir.fr\/index.php\/wp-json\/wp\/v2\/comments?post=125"}],"version-history":[{"count":3,"href":"https:\/\/bcplaisir.fr\/index.php\/wp-json\/wp\/v2\/pages\/125\/revisions"}],"predecessor-version":[{"id":680,"href":"https:\/\/bcplaisir.fr\/index.php\/wp-json\/wp\/v2\/pages\/125\/revisions\/680"}],"up":[{"embeddable":true,"href":"https:\/\/bcplaisir.fr\/index.php\/wp-json\/wp\/v2\/pages\/2"}],"wp:attachment":[{"href":"https:\/\/bcplaisir.fr\/index.php\/wp-json\/wp\/v2\/media?parent=125"}],"curies":[{"name":"wp","href":"https:\/\/api.w.org\/{rel}","templated":true}]}}