{"id":10,"date":"2023-01-29T19:44:18","date_gmt":"2023-01-29T18:44:18","guid":{"rendered":"https:\/\/bcplaisir.fr\/?page_id=10"},"modified":"2025-10-18T17:07:02","modified_gmt":"2025-10-18T15:07:02","slug":"photos","status":"publish","type":"page","link":"https:\/\/bcplaisir.fr\/index.php\/photos\/","title":{"rendered":"Photos"},"content":{"rendered":"\n<blockquote class=\"wp-block-quote is-style-plain is-layout-flow wp-block-quote-is-layout-flow\">\n<div class=\"wp-block-envira-envira-gallery\"><\/div>\n\n\n\n<p>Vous trouverez ici les Photos du club et des comp\u00e9titions auxquelles les joueuses et joueurs ont particip\u00e9.<\/p>\n\n\n\n<p>Vous pouvez acc\u00e9der \u00e0 chaque comp\u00e9tition par le menu du haut ou \u00e0 l&rsquo;ensemble des photos de la saison :<\/p>\n\n\n\n<ul class=\"wp-block-list\">\n<li><a href=\"https:\/\/bcplaisir.fr\/index.php\/photos\/saison-2022-2023\/\"><strong>Saison 2022-2023<\/strong><\/a><\/li>\n\n\n\n<li><a href=\"https:\/\/bcplaisir.fr\/index.php\/photos\/saison-2023-2024\/\" data-type=\"link\" data-id=\"https:\/\/bcplaisir.fr\/index.php\/photos\/saison-2023-2024\/\"><strong>Saison 2023-2024<\/strong><\/a><\/li>\n\n\n\n<li><a href=\"https:\/\/bcplaisir.fr\/index.php\/photos\/saison-2024-25\/\"><strong>Saison 2024-2025<\/strong><\/a><\/li>\n\n\n\n<li><a href=\"https:\/\/bcplaisir.fr\/index.php\/photos\/saison-2025-2026\/\"><strong>Saison 2025-2026<\/strong><\/a><\/li>\n<\/ul>\n<\/blockquote>\n\n\n\n<p><\/p>\n","protected":false},"excerpt":{"rendered":"","protected":false},"author":1,"featured_media":238,"parent":0,"menu_order":3,"comment_status":"closed","ping_status":"closed","template":"","meta":{"ngg_post_thumbnail":0,"footnotes":""},"class_list":["post-10","page","type-page","status-publish","has-post-thumbnail","hentry"],"_links":{"self":[{"href":"https:\/\/bcplaisir.fr\/index.php\/wp-json\/wp\/v2\/pages\/10","targetHints":{"allow":["GET"]}}],"collection":[{"href":"https:\/\/bcplaisir.fr\/index.php\/wp-json\/wp\/v2\/pages"}],"about":[{"href":"https:\/\/bcplaisir.fr\/index.php\/wp-json\/wp\/v2\/types\/page"}],"author":[{"embeddable":true,"href":"https:\/\/bcplaisir.fr\/index.php\/wp-json\/wp\/v2\/users\/1"}],"replies":[{"embeddable":true,"href":"https:\/\/bcplaisir.fr\/index.php\/wp-json\/wp\/v2\/comments?post=10"}],"version-history":[{"count":10,"href":"https:\/\/bcplaisir.fr\/index.php\/wp-json\/wp\/v2\/pages\/10\/revisions"}],"predecessor-version":[{"id":5015,"href":"https:\/\/bcplaisir.fr\/index.php\/wp-json\/wp\/v2\/pages\/10\/revisions\/5015"}],"wp:featuredmedia":[{"embeddable":true,"href":"https:\/\/bcplaisir.fr\/index.php\/wp-json\/wp\/v2\/media\/238"}],"wp:attachment":[{"href":"https:\/\/bcplaisir.fr\/index.php\/wp-json\/wp\/v2\/media?parent=10"}],"curies":[{"name":"wp","href":"https:\/\/api.w.org\/{rel}","templated":true}]}}